{"id":1752,"date":"2021-03-29T10:45:53","date_gmt":"2021-03-29T08:45:53","guid":{"rendered":"https:\/\/czarodziejskaakademia.pl\/dabrowskiego\/?page_id=1752"},"modified":"2021-05-18T11:29:05","modified_gmt":"2021-05-18T09:29:05","slug":"ksztalcenie-specjalne","status":"publish","type":"page","link":"https:\/\/czarodziejskaakademia.pl\/dabrowskiego\/oferta\/ksztalcenie-specjalne\/","title":{"rendered":"Kszta\u0142cenie specjalne"},"content":{"rendered":"<div class=\"wpb-content-wrapper\"><p>[vc_row content_placement=&#8221;top&#8221; css=&#8221;.vc_custom_1616510697828{padding-top: 72px !important;padding-bottom: 150px !important;background-color: #d8effa !important;}&#8221; bp_css_mobile=&#8221;.vc_custom_1616510697833{padding-top: 0px !important;padding-bottom: 0px !important;}&#8221;][vc_column width=&#8221;1\/4&#8243; el_class=&#8221;menu-boczne&#8221;][vc_single_image image=&#8221;1701&#8243; img_size=&#8221;full&#8221; alignment=&#8221;center&#8221;][vc_wp_custommenu nav_menu=&#8221;122&#8243;][vc_single_image image=&#8221;1702&#8243; img_size=&#8221;full&#8221; alignment=&#8221;center&#8221; css=&#8221;.vc_custom_1617007737233{padding-top: 30px !important;}&#8221;][\/vc_column][vc_column width=&#8221;3\/4&#8243;]\n<div class=\"bp-element bp-element-heading vc_custom_1617007495815 align-center kindergarten-layout-1  \" >\n        <h3 class=\"title\"  style=\"text-transform:none; margin:0px; \">\n    KSZTA\u0141CENIE SPECJALNE    <\/h3>\n\n    <div class=\"line\" ><\/div>\n\n\n\n<\/div>[vc_column_text]<\/p>\n<p style=\"text-align: center\">Zapraszamy dzieci posiadaj\u0105ce orzeczenie o potrzebie kszta\u0142cenia specjalnego. Przedszkole zapewnia opiek\u0119 fachowej kadry pedagogicznej oraz szereg zaj\u0119\u0107 specjalistycznych.<\/p>\n<p>[\/vc_column_text][vc_single_image image=&#8221;1701&#8243; img_size=&#8221;medium&#8221; alignment=&#8221;center&#8221;][\/vc_column][\/vc_row]<\/p>\n<\/div>","protected":false},"excerpt":{"rendered":"<p>[vc_row content_placement=&#8221;top&#8221; css=&#8221;.vc_custom_1616510697828{padding-top: 72px !important;padding-bottom: 150px !important;background-color: #d8effa !important;}&#8221; bp_css_mobile=&#8221;.vc_custom_1616510697833{padding-top: 0px !important;padding-bottom: 0px !important;}&#8221;][vc_column width=&#8221;1\/4&#8243; el_class=&#8221;menu-boczne&#8221;][vc_single_image image=&#8221;1701&#8243; img_size=&#8221;full&#8221; alignment=&#8221;center&#8221;][vc_wp_custommenu nav_menu=&#8221;122&#8243;][vc_single_image&#8230;<\/p>\n","protected":false},"author":1,"featured_media":0,"parent":1152,"menu_order":0,"comment_status":"closed","ping_status":"closed","template":"","meta":{"footnotes":""},"class_list":["post-1752","page","type-page","status-publish","hentry"],"_links":{"self":[{"href":"https:\/\/czarodziejskaakademia.pl\/dabrowskiego\/wp-json\/wp\/v2\/pages\/1752","targetHints":{"allow":["GET"]}}],"collection":[{"href":"https:\/\/czarodziejskaakademia.pl\/dabrowskiego\/wp-json\/wp\/v2\/pages"}],"about":[{"href":"https:\/\/czarodziejskaakademia.pl\/dabrowskiego\/wp-json\/wp\/v2\/types\/page"}],"author":[{"embeddable":true,"href":"https:\/\/czarodziejskaakademia.pl\/dabrowskiego\/wp-json\/wp\/v2\/users\/1"}],"replies":[{"embeddable":true,"href":"https:\/\/czarodziejskaakademia.pl\/dabrowskiego\/wp-json\/wp\/v2\/comments?post=1752"}],"version-history":[{"count":8,"href":"https:\/\/czarodziejskaakademia.pl\/dabrowskiego\/wp-json\/wp\/v2\/pages\/1752\/revisions"}],"predecessor-version":[{"id":2015,"href":"https:\/\/czarodziejskaakademia.pl\/dabrowskiego\/wp-json\/wp\/v2\/pages\/1752\/revisions\/2015"}],"up":[{"embeddable":true,"href":"https:\/\/czarodziejskaakademia.pl\/dabrowskiego\/wp-json\/wp\/v2\/pages\/1152"}],"wp:attachment":[{"href":"https:\/\/czarodziejskaakademia.pl\/dabrowskiego\/wp-json\/wp\/v2\/media?parent=1752"}],"curies":[{"name":"wp","href":"https:\/\/api.w.org\/{rel}","templated":true}]}}