{"id":1748,"date":"2021-03-29T10:39:35","date_gmt":"2021-03-29T08:39:35","guid":{"rendered":"https:\/\/czarodziejskaakademia.pl\/dabrowskiego\/?page_id=1748"},"modified":"2022-04-06T12:10:31","modified_gmt":"2022-04-06T10:10:31","slug":"zajecia-specjalistyczne","status":"publish","type":"page","link":"https:\/\/czarodziejskaakademia.pl\/dabrowskiego\/oferta\/zajecia-specjalistyczne\/","title":{"rendered":"Zaj\u0119cia specjalistyczne"},"content":{"rendered":"<div class=\"wpb-content-wrapper\"><p>[vc_row content_placement=&#8221;top&#8221; css=&#8221;.vc_custom_1616510697828{padding-top: 72px !important;padding-bottom: 150px !important;background-color: #d8effa !important;}&#8221; bp_css_mobile=&#8221;.vc_custom_1616510697833{padding-top: 0px !important;padding-bottom: 0px !important;}&#8221;][vc_column width=&#8221;1\/4&#8243; el_class=&#8221;menu-boczne&#8221;][vc_single_image image=&#8221;1701&#8243; img_size=&#8221;full&#8221; alignment=&#8221;center&#8221;][vc_wp_custommenu nav_menu=&#8221;122&#8243;][vc_single_image image=&#8221;1702&#8243; img_size=&#8221;full&#8221; alignment=&#8221;center&#8221; css=&#8221;.vc_custom_1617008060837{padding-top: 30px !important;}&#8221;][\/vc_column][vc_column width=&#8221;3\/4&#8243;]\n<div class=\"bp-element bp-element-heading vc_custom_1617007093727 align-center kindergarten-layout-1  \" >\n        <h3 class=\"title\"  style=\"text-transform:none; margin:0px; \">\n    ZAJ\u0118CIA SPECJALISTYCZNE    <\/h3>\n\n    <div class=\"line\" ><\/div>\n\n\n\n<\/div>[vc_column_text]<\/p>\n<p style=\"text-align: center\">Przedszkole Niepubliczne &#8222;Czarodziejska Akademia&#8221; zapewnia r\u00f3\u017cnorodne zaj\u0119cia specjalistyczne w ramach pomocy psychologiczno-pedagogicznej:<\/p>\n<ul>\n<li>zaj\u0119cia z psychologiem<\/li>\n<li>zaj\u0119cia z logoped\u0105<\/li>\n<li>gimnastyk\u0119 korekcyjn\u0105<\/li>\n<li>fizjoterapi\u0119<\/li>\n<li>zaj\u0119cia integracji sensorycznej ( SI)<\/li>\n<li>sensoplastyk\u0119<\/li>\n<li>trening umiej\u0119tno\u015bci spo\u0142ecznych (TUS)<\/li>\n<li>terapi\u0119 r\u0119ki<\/li>\n<li>terapi\u0119 pedagogiczn\u0105<\/li>\n<li>zaj\u0119cia rewalidacyjne<\/li>\n<li>pomoc nauczycieli wspieraj\u0105cych<\/li>\n<\/ul>\n<p style=\"text-align: center\"><img fetchpriority=\"high\" decoding=\"async\" class=\"alignnone size-medium wp-image-1980\" src=\"https:\/\/czarodziejskaakademia.pl\/dabrowskiego\/wp-content\/uploads\/sites\/2\/2021\/05\/2-1-300x200.jpg\" alt=\"\" width=\"300\" height=\"200\" srcset=\"https:\/\/czarodziejskaakademia.pl\/dabrowskiego\/wp-content\/uploads\/sites\/2\/2021\/05\/2-1-300x200.jpg 300w, https:\/\/czarodziejskaakademia.pl\/dabrowskiego\/wp-content\/uploads\/sites\/2\/2021\/05\/2-1-1024x683.jpg 1024w, https:\/\/czarodziejskaakademia.pl\/dabrowskiego\/wp-content\/uploads\/sites\/2\/2021\/05\/2-1-768x512.jpg 768w, https:\/\/czarodziejskaakademia.pl\/dabrowskiego\/wp-content\/uploads\/sites\/2\/2021\/05\/2-1-1536x1024.jpg 1536w, https:\/\/czarodziejskaakademia.pl\/dabrowskiego\/wp-content\/uploads\/sites\/2\/2021\/05\/2-1.jpg 1920w\" sizes=\"(max-width: 300px) 100vw, 300px\" \/><\/p>\n<p><img decoding=\"async\" class=\"alignnone size-medium wp-image-1981\" src=\"https:\/\/czarodziejskaakademia.pl\/dabrowskiego\/wp-content\/uploads\/sites\/2\/2021\/05\/4-rotated-200x300.jpg\" alt=\"\" width=\"200\" height=\"300\" srcset=\"https:\/\/czarodziejskaakademia.pl\/dabrowskiego\/wp-content\/uploads\/sites\/2\/2021\/05\/4-rotated-200x300.jpg 200w, https:\/\/czarodziejskaakademia.pl\/dabrowskiego\/wp-content\/uploads\/sites\/2\/2021\/05\/4-rotated-683x1024.jpg 683w, https:\/\/czarodziejskaakademia.pl\/dabrowskiego\/wp-content\/uploads\/sites\/2\/2021\/05\/4-768x1152.jpg 768w, https:\/\/czarodziejskaakademia.pl\/dabrowskiego\/wp-content\/uploads\/sites\/2\/2021\/05\/4-rotated-1024x1536.jpg 1024w, https:\/\/czarodziejskaakademia.pl\/dabrowskiego\/wp-content\/uploads\/sites\/2\/2021\/05\/4-rotated.jpg 1280w\" sizes=\"(max-width: 200px) 100vw, 200px\" \/><\/p>\n<p><img decoding=\"async\" class=\"alignnone size-medium wp-image-1982\" src=\"https:\/\/czarodziejskaakademia.pl\/dabrowskiego\/wp-content\/uploads\/sites\/2\/2021\/05\/6-300x200.jpg\" alt=\"\" width=\"300\" height=\"200\" srcset=\"https:\/\/czarodziejskaakademia.pl\/dabrowskiego\/wp-content\/uploads\/sites\/2\/2021\/05\/6-300x200.jpg 300w, https:\/\/czarodziejskaakademia.pl\/dabrowskiego\/wp-content\/uploads\/sites\/2\/2021\/05\/6-1024x683.jpg 1024w, https:\/\/czarodziejskaakademia.pl\/dabrowskiego\/wp-content\/uploads\/sites\/2\/2021\/05\/6-768x512.jpg 768w, https:\/\/czarodziejskaakademia.pl\/dabrowskiego\/wp-content\/uploads\/sites\/2\/2021\/05\/6-1536x1024.jpg 1536w, https:\/\/czarodziejskaakademia.pl\/dabrowskiego\/wp-content\/uploads\/sites\/2\/2021\/05\/6.jpg 1920w\" sizes=\"(max-width: 300px) 100vw, 300px\" \/><\/p>\n<p><img loading=\"lazy\" decoding=\"async\" class=\"alignnone size-medium wp-image-1983\" src=\"https:\/\/czarodziejskaakademia.pl\/dabrowskiego\/wp-content\/uploads\/sites\/2\/2021\/05\/5-300x200.jpg\" alt=\"\" width=\"300\" height=\"200\" srcset=\"https:\/\/czarodziejskaakademia.pl\/dabrowskiego\/wp-content\/uploads\/sites\/2\/2021\/05\/5-300x200.jpg 300w, https:\/\/czarodziejskaakademia.pl\/dabrowskiego\/wp-content\/uploads\/sites\/2\/2021\/05\/5-1024x683.jpg 1024w, https:\/\/czarodziejskaakademia.pl\/dabrowskiego\/wp-content\/uploads\/sites\/2\/2021\/05\/5-768x512.jpg 768w, https:\/\/czarodziejskaakademia.pl\/dabrowskiego\/wp-content\/uploads\/sites\/2\/2021\/05\/5-1536x1024.jpg 1536w, https:\/\/czarodziejskaakademia.pl\/dabrowskiego\/wp-content\/uploads\/sites\/2\/2021\/05\/5.jpg 1920w\" sizes=\"(max-width: 300px) 100vw, 300px\" \/><\/p>\n<p><img loading=\"lazy\" decoding=\"async\" class=\"alignnone size-medium wp-image-1984\" src=\"https:\/\/czarodziejskaakademia.pl\/dabrowskiego\/wp-content\/uploads\/sites\/2\/2021\/05\/9-rotated-200x300.jpg\" alt=\"\" width=\"200\" height=\"300\" srcset=\"https:\/\/czarodziejskaakademia.pl\/dabrowskiego\/wp-content\/uploads\/sites\/2\/2021\/05\/9-rotated-200x300.jpg 200w, https:\/\/czarodziejskaakademia.pl\/dabrowskiego\/wp-content\/uploads\/sites\/2\/2021\/05\/9-rotated-683x1024.jpg 683w, https:\/\/czarodziejskaakademia.pl\/dabrowskiego\/wp-content\/uploads\/sites\/2\/2021\/05\/9-768x1152.jpg 768w, https:\/\/czarodziejskaakademia.pl\/dabrowskiego\/wp-content\/uploads\/sites\/2\/2021\/05\/9-1024x1536.jpg 1024w, https:\/\/czarodziejskaakademia.pl\/dabrowskiego\/wp-content\/uploads\/sites\/2\/2021\/05\/9-rotated.jpg 1280w\" sizes=\"(max-width: 200px) 100vw, 200px\" \/><\/p>\n<p><img loading=\"lazy\" decoding=\"async\" class=\"alignnone size-medium wp-image-1985\" src=\"https:\/\/czarodziejskaakademia.pl\/dabrowskiego\/wp-content\/uploads\/sites\/2\/2021\/05\/8-rotated-200x300.jpg\" alt=\"\" width=\"200\" height=\"300\" srcset=\"https:\/\/czarodziejskaakademia.pl\/dabrowskiego\/wp-content\/uploads\/sites\/2\/2021\/05\/8-rotated-200x300.jpg 200w, https:\/\/czarodziejskaakademia.pl\/dabrowskiego\/wp-content\/uploads\/sites\/2\/2021\/05\/8-rotated-683x1024.jpg 683w, https:\/\/czarodziejskaakademia.pl\/dabrowskiego\/wp-content\/uploads\/sites\/2\/2021\/05\/8-768x1152.jpg 768w, https:\/\/czarodziejskaakademia.pl\/dabrowskiego\/wp-content\/uploads\/sites\/2\/2021\/05\/8-1024x1536.jpg 1024w, https:\/\/czarodziejskaakademia.pl\/dabrowskiego\/wp-content\/uploads\/sites\/2\/2021\/05\/8-rotated.jpg 1280w\" sizes=\"(max-width: 200px) 100vw, 200px\" \/><\/p>\n<p><img loading=\"lazy\" decoding=\"async\" class=\"alignnone size-medium wp-image-1986\" src=\"https:\/\/czarodziejskaakademia.pl\/dabrowskiego\/wp-content\/uploads\/sites\/2\/2021\/05\/14-rotated-200x300.jpg\" alt=\"\" width=\"200\" height=\"300\" srcset=\"https:\/\/czarodziejskaakademia.pl\/dabrowskiego\/wp-content\/uploads\/sites\/2\/2021\/05\/14-rotated-200x300.jpg 200w, https:\/\/czarodziejskaakademia.pl\/dabrowskiego\/wp-content\/uploads\/sites\/2\/2021\/05\/14-rotated-683x1024.jpg 683w, https:\/\/czarodziejskaakademia.pl\/dabrowskiego\/wp-content\/uploads\/sites\/2\/2021\/05\/14-768x1152.jpg 768w, https:\/\/czarodziejskaakademia.pl\/dabrowskiego\/wp-content\/uploads\/sites\/2\/2021\/05\/14-1024x1536.jpg 1024w, https:\/\/czarodziejskaakademia.pl\/dabrowskiego\/wp-content\/uploads\/sites\/2\/2021\/05\/14-rotated.jpg 1280w\" sizes=\"(max-width: 200px) 100vw, 200px\" \/><\/p>\n<p><img loading=\"lazy\" decoding=\"async\" class=\"alignnone size-medium wp-image-1987\" src=\"https:\/\/czarodziejskaakademia.pl\/dabrowskiego\/wp-content\/uploads\/sites\/2\/2021\/05\/13-rotated-200x300.jpg\" alt=\"\" width=\"200\" height=\"300\" srcset=\"https:\/\/czarodziejskaakademia.pl\/dabrowskiego\/wp-content\/uploads\/sites\/2\/2021\/05\/13-rotated-200x300.jpg 200w, https:\/\/czarodziejskaakademia.pl\/dabrowskiego\/wp-content\/uploads\/sites\/2\/2021\/05\/13-rotated-683x1024.jpg 683w, https:\/\/czarodziejskaakademia.pl\/dabrowskiego\/wp-content\/uploads\/sites\/2\/2021\/05\/13-768x1152.jpg 768w, https:\/\/czarodziejskaakademia.pl\/dabrowskiego\/wp-content\/uploads\/sites\/2\/2021\/05\/13-1024x1536.jpg 1024w, https:\/\/czarodziejskaakademia.pl\/dabrowskiego\/wp-content\/uploads\/sites\/2\/2021\/05\/13-rotated.jpg 1280w\" sizes=\"(max-width: 200px) 100vw, 200px\" \/>[\/vc_column_text][vc_single_image image=&#8221;1701&#8243; img_size=&#8221;medium&#8221; alignment=&#8221;center&#8221;][\/vc_column][\/vc_row]<\/p>\n<\/div>","protected":false},"excerpt":{"rendered":"<p>[vc_row content_placement=&#8221;top&#8221; css=&#8221;.vc_custom_1616510697828{padding-top: 72px !important;padding-bottom: 150px !important;background-color: #d8effa !important;}&#8221; bp_css_mobile=&#8221;.vc_custom_1616510697833{padding-top: 0px !important;padding-bottom: 0px !important;}&#8221;][vc_column width=&#8221;1\/4&#8243; el_class=&#8221;menu-boczne&#8221;][vc_single_image image=&#8221;1701&#8243; img_size=&#8221;full&#8221; alignment=&#8221;center&#8221;][vc_wp_custommenu nav_menu=&#8221;122&#8243;][vc_single_image&#8230;<\/p>\n","protected":false},"author":1,"featured_media":0,"parent":1152,"menu_order":0,"comment_status":"closed","ping_status":"closed","template":"","meta":{"footnotes":""},"class_list":["post-1748","page","type-page","status-publish","hentry"],"_links":{"self":[{"href":"https:\/\/czarodziejskaakademia.pl\/dabrowskiego\/wp-json\/wp\/v2\/pages\/1748","targetHints":{"allow":["GET"]}}],"collection":[{"href":"https:\/\/czarodziejskaakademia.pl\/dabrowskiego\/wp-json\/wp\/v2\/pages"}],"about":[{"href":"https:\/\/czarodziejskaakademia.pl\/dabrowskiego\/wp-json\/wp\/v2\/types\/page"}],"author":[{"embeddable":true,"href":"https:\/\/czarodziejskaakademia.pl\/dabrowskiego\/wp-json\/wp\/v2\/users\/1"}],"replies":[{"embeddable":true,"href":"https:\/\/czarodziejskaakademia.pl\/dabrowskiego\/wp-json\/wp\/v2\/comments?post=1748"}],"version-history":[{"count":8,"href":"https:\/\/czarodziejskaakademia.pl\/dabrowskiego\/wp-json\/wp\/v2\/pages\/1748\/revisions"}],"predecessor-version":[{"id":2313,"href":"https:\/\/czarodziejskaakademia.pl\/dabrowskiego\/wp-json\/wp\/v2\/pages\/1748\/revisions\/2313"}],"up":[{"embeddable":true,"href":"https:\/\/czarodziejskaakademia.pl\/dabrowskiego\/wp-json\/wp\/v2\/pages\/1152"}],"wp:attachment":[{"href":"https:\/\/czarodziejskaakademia.pl\/dabrowskiego\/wp-json\/wp\/v2\/media?parent=1748"}],"curies":[{"name":"wp","href":"https:\/\/api.w.org\/{rel}","templated":true}]}}