{"id":1195,"date":"2021-03-22T16:23:49","date_gmt":"2021-03-22T15:23:49","guid":{"rendered":"https:\/\/czarodziejskaakademia.pl\/dabrowskiego\/?page_id=1195"},"modified":"2021-03-30T16:17:04","modified_gmt":"2021-03-30T14:17:04","slug":"projekty-unijne","status":"publish","type":"page","link":"https:\/\/czarodziejskaakademia.pl\/dabrowskiego\/projekty-unijne\/","title":{"rendered":"Projekty unijne"},"content":{"rendered":"<div class=\"wpb-content-wrapper\"><p>[vc_row content_placement=&#8221;top&#8221; css=&#8221;.vc_custom_1616510697828{padding-top: 72px !important;padding-bottom: 150px !important;background-color: #d8effa !important;}&#8221; bp_css_mobile=&#8221;.vc_custom_1616510697833{padding-top: 0px !important;padding-bottom: 0px !important;}&#8221;][vc_column width=&#8221;1\/4&#8243; el_class=&#8221;menu-boczne&#8221;][vc_single_image image=&#8221;1683&#8243; img_size=&#8221;full&#8221; alignment=&#8221;center&#8221;][vc_gallery type=&#8221;image_grid&#8221; images=&#8221;1568,1569,1570,1572,1574,1579&#8243; img_size=&#8221;full&#8221;][vc_single_image image=&#8221;1684&#8243; img_size=&#8221;full&#8221; alignment=&#8221;center&#8221;][\/vc_column][vc_column width=&#8221;3\/4&#8243;][vc_single_image image=&#8221;1639&#8243; img_size=&#8221;full&#8221; alignment=&#8221;center&#8221; style=&#8221;vc_box_shadow&#8221; css=&#8221;.vc_custom_1616755087020{margin-top: -60px !important;padding-bottom: 30px !important;}&#8221;]\n<div class=\"bp-element bp-element-heading vc_custom_1616755294078 align-center kindergarten-layout-1  \" >\n        <h3 class=\"title\"  style=\"text-transform:none; margin:0px; \">\n    PROJEKTY UNIJNE    <\/h3>\n\n    <div class=\"line\" ><\/div>\n\n\n\n<\/div>[vc_column_text]CZARODZIEJSKA AKADEMIA &#8211; ZIELONA \/ D\u0104BROWSKIEGO[\/vc_column_text]\n\n    <div class=\"bp-element bp-element-posts   coach-life-layout-list-1  \" >\n\n\t\t\n<div class=\"wrap-element\">\n    \n            <div class=\"item-post\">\n                            <a href=\"https:\/\/czarodziejskaakademia.pl\/dabrowskiego\/2021\/03\/24\/czarodziejska-akademia-program-zwiekszajacy-liczbe-miejsc-przedszkolnych-w-gminie-pabianice\/\" class=\"image-post\">\n                    \n\t\t\t<img decoding=\"async\"  src=\"https:\/\/czarodziejskaakademia.pl\/dabrowskiego\/wp-content\/uploads\/sites\/2\/2021\/03\/ksiazka7p.png\"\n\t\t\t\t\t\t\t\t\t\t\t\t\t\t\t alt=\"Czarodziejska Akademia \u2013 program zwi\u0119kszaj\u0105cy liczb\u0119 miejsc przedszkolnych w gminie Pabianice\"\n\t\t\t\t\t\t\t\t\t\t\t\t\t\t\t class=\"\">\n\n\t\t\t                <\/a>\n                        <div class=\"text-post\">\n                <ul class=\"info-post\">\n                    <li>\n                        24 marca, 2021                    <\/li>\n\n                    <li class=\"highlights\">\n                        BY <a href=\"https:\/\/czarodziejskaakademia.pl\/dabrowskiego\/author\/admin\/\">admin<\/a>\n                    <\/li>\n                <\/ul>\n\n                <h4 class=\"title-post\">\n                    <a href=\"https:\/\/czarodziejskaakademia.pl\/dabrowskiego\/2021\/03\/24\/czarodziejska-akademia-program-zwiekszajacy-liczbe-miejsc-przedszkolnych-w-gminie-pabianice\/\">\n                        Czarodziejska Akademia \u2013 program zwi\u0119kszaj\u0105cy liczb\u0119 miejsc przedszkolnych w gminie Pabianice                    <\/a>\n                <\/h4>\n\n                <div class=\"description-post\">\n                                    <\/div>\n            <\/div>\n        <\/div>\n            <div class=\"item-post\">\n                            <a href=\"https:\/\/czarodziejskaakademia.pl\/dabrowskiego\/2021\/03\/24\/oglaszamy-konkurs-ofert-na-zakup-wyposazenia-sali-oraz-uslugi-cateringowe\/\" class=\"image-post\">\n                    \n\t\t\t<img decoding=\"async\"  src=\"https:\/\/czarodziejskaakademia.pl\/dabrowskiego\/wp-content\/uploads\/sites\/2\/2021\/03\/ksiazka7p.png\"\n\t\t\t\t\t\t\t\t\t\t\t\t\t\t\t alt=\"Og\u0142aszamy konkurs ofert na zakup wyposa\u017cenia sali oraz us\u0142ugi cateringowe\"\n\t\t\t\t\t\t\t\t\t\t\t\t\t\t\t class=\"\">\n\n\t\t\t                <\/a>\n                        <div class=\"text-post\">\n                <ul class=\"info-post\">\n                    <li>\n                        24 marca, 2021                    <\/li>\n\n                    <li class=\"highlights\">\n                        BY <a href=\"https:\/\/czarodziejskaakademia.pl\/dabrowskiego\/author\/admin\/\">admin<\/a>\n                    <\/li>\n                <\/ul>\n\n                <h4 class=\"title-post\">\n                    <a href=\"https:\/\/czarodziejskaakademia.pl\/dabrowskiego\/2021\/03\/24\/oglaszamy-konkurs-ofert-na-zakup-wyposazenia-sali-oraz-uslugi-cateringowe\/\">\n                        Og\u0142aszamy konkurs ofert na zakup wyposa\u017cenia sali oraz us\u0142ugi cateringowe                    <\/a>\n                <\/h4>\n\n                <div class=\"description-post\">\n                    Przedszkole Niepubliczne &#8222;Czarodziejska Akademia&#8221; w ramach Projektu wsp\u00f3\u0142finansowanego ze \u015brodk\u00f3w Unii Europejskiej w ramach Europejskiego Funduszu Spo\u0142ecznego Dzia\u0142anie 9.1. &#8222;Wyr\u00f3wnanie...                <\/div>\n            <\/div>\n        <\/div>\n            <div class=\"item-post\">\n                            <a href=\"https:\/\/czarodziejskaakademia.pl\/dabrowskiego\/2021\/03\/24\/oferta-dla-grup-w-ramach-projektu\/\" class=\"image-post\">\n                    \n\t\t\t<img decoding=\"async\"  src=\"https:\/\/czarodziejskaakademia.pl\/dabrowskiego\/wp-content\/uploads\/sites\/2\/2021\/03\/ksiazka7p.png\"\n\t\t\t\t\t\t\t\t\t\t\t\t\t\t\t alt=\"Oferta dla grup w ramach Projektu\"\n\t\t\t\t\t\t\t\t\t\t\t\t\t\t\t class=\"\">\n\n\t\t\t                <\/a>\n                        <div class=\"text-post\">\n                <ul class=\"info-post\">\n                    <li>\n                        24 marca, 2021                    <\/li>\n\n                    <li class=\"highlights\">\n                        BY <a href=\"https:\/\/czarodziejskaakademia.pl\/dabrowskiego\/author\/admin\/\">admin<\/a>\n                    <\/li>\n                <\/ul>\n\n                <h4 class=\"title-post\">\n                    <a href=\"https:\/\/czarodziejskaakademia.pl\/dabrowskiego\/2021\/03\/24\/oferta-dla-grup-w-ramach-projektu\/\">\n                        Oferta dla grup w ramach Projektu                    <\/a>\n                <\/h4>\n\n                <div class=\"description-post\">\n                    &#8211; Grupy utworzone w ramach Projektu dzia\u0142aj\u0105 w godzinach pracy przedszkola, czyli od godziny 6.00 do 18.00; &#8211; Dzieci uczestnicz\u0105ce...                <\/div>\n            <\/div>\n        <\/div>\n            <div class=\"item-post\">\n                            <a href=\"https:\/\/czarodziejskaakademia.pl\/dabrowskiego\/2021\/03\/24\/regulamin-rekrutacji\/\" class=\"image-post\">\n                    \n\t\t\t<img decoding=\"async\"  src=\"https:\/\/czarodziejskaakademia.pl\/dabrowskiego\/wp-content\/uploads\/sites\/2\/2021\/03\/ksiazka7p.png\"\n\t\t\t\t\t\t\t\t\t\t\t\t\t\t\t alt=\"Regulamin rekrutacji\"\n\t\t\t\t\t\t\t\t\t\t\t\t\t\t\t class=\"\">\n\n\t\t\t                <\/a>\n                        <div class=\"text-post\">\n                <ul class=\"info-post\">\n                    <li>\n                        24 marca, 2021                    <\/li>\n\n                    <li class=\"highlights\">\n                        BY <a href=\"https:\/\/czarodziejskaakademia.pl\/dabrowskiego\/author\/admin\/\">admin<\/a>\n                    <\/li>\n                <\/ul>\n\n                <h4 class=\"title-post\">\n                    <a href=\"https:\/\/czarodziejskaakademia.pl\/dabrowskiego\/2021\/03\/24\/regulamin-rekrutacji\/\">\n                        Regulamin rekrutacji                    <\/a>\n                <\/h4>\n\n                <div class=\"description-post\">\n                    REGULAMINREKRUTACJI DZIECI DO PROJEKTU\u201eCzarodziejska Akademia \u2013 program zwi\u0119kszaj\u0105cy liczb\u0119 miejsc przedszkolnych w gminie Pabianice\u201d Umowa&nbsp; WND-POKL.09.01.01-10-120\/14 zwanego dalej projektem, wsp\u00f3\u0142finansowanego...                <\/div>\n            <\/div>\n        <\/div>\n            <div class=\"item-post\">\n                            <a href=\"https:\/\/czarodziejskaakademia.pl\/dabrowskiego\/2021\/03\/24\/ogloszenie-dotyczace-projektu\/\" class=\"image-post\">\n                    \n\t\t\t<img decoding=\"async\"  src=\"https:\/\/czarodziejskaakademia.pl\/dabrowskiego\/wp-content\/uploads\/sites\/2\/2021\/03\/ksiazka7p.png\"\n\t\t\t\t\t\t\t\t\t\t\t\t\t\t\t alt=\"Og\u0142oszenie dotycz\u0105ce Projektu\"\n\t\t\t\t\t\t\t\t\t\t\t\t\t\t\t class=\"\">\n\n\t\t\t                <\/a>\n                        <div class=\"text-post\">\n                <ul class=\"info-post\">\n                    <li>\n                        24 marca, 2021                    <\/li>\n\n                    <li class=\"highlights\">\n                        BY <a href=\"https:\/\/czarodziejskaakademia.pl\/dabrowskiego\/author\/admin\/\">admin<\/a>\n                    <\/li>\n                <\/ul>\n\n                <h4 class=\"title-post\">\n                    <a href=\"https:\/\/czarodziejskaakademia.pl\/dabrowskiego\/2021\/03\/24\/ogloszenie-dotyczace-projektu\/\">\n                        Og\u0142oszenie dotycz\u0105ce Projektu                    <\/a>\n                <\/h4>\n\n                <div class=\"description-post\">\n                    Dnia 1&nbsp;sierpnia 2013 roku Przedszkole Niepubliczne &#8222;Czarodziejska Akademia&#8221; rozpoczyna nab\u00f3r uczestnik\u00f3w do Projektu pod nazw\u0105 &#8222;Czarodziejska Akademia\u2013 program zwi\u0119kszaj\u0105cy liczb\u0119...                <\/div>\n            <\/div>\n        <\/div>\n    <\/div>    <\/div>\n\n    \n[vc_column_text css=&#8221;.vc_custom_1617109203428{padding-top: 100px !important;}&#8221;]CZARODZIEJSKA AKADEMIA &#8211; SIKORSKIEGO[\/vc_column_text]\n\n    <div class=\"bp-element bp-element-posts   coach-life-layout-list-1  \" >\n\n\t\t\n<div class=\"wrap-element\">\n    \n            <div class=\"item-post\">\n                            <a href=\"https:\/\/czarodziejskaakademia.pl\/dabrowskiego\/2021\/03\/30\/czarodziejska-akademia-ii-program-zwiekszajacy-liczbe-miejsc-przedszkolnych-w-gminie-pabianice\/\" class=\"image-post\">\n                    \n\t\t\t<img decoding=\"async\"  src=\"https:\/\/czarodziejskaakademia.pl\/dabrowskiego\/wp-content\/uploads\/sites\/2\/2021\/03\/ksiazka7p.png\"\n\t\t\t\t\t\t\t\t\t\t\t\t\t\t\t alt=\"Czarodziejska Akademia II \u2013 program zwi\u0119kszaj\u0105cy liczb\u0119 miejsc przedszkolnych w gminie Pabianice\"\n\t\t\t\t\t\t\t\t\t\t\t\t\t\t\t class=\"\">\n\n\t\t\t                <\/a>\n                        <div class=\"text-post\">\n                <ul class=\"info-post\">\n                    <li>\n                        30 marca, 2021                    <\/li>\n\n                    <li class=\"highlights\">\n                        BY <a href=\"https:\/\/czarodziejskaakademia.pl\/dabrowskiego\/author\/admin\/\">admin<\/a>\n                    <\/li>\n                <\/ul>\n\n                <h4 class=\"title-post\">\n                    <a href=\"https:\/\/czarodziejskaakademia.pl\/dabrowskiego\/2021\/03\/30\/czarodziejska-akademia-ii-program-zwiekszajacy-liczbe-miejsc-przedszkolnych-w-gminie-pabianice\/\">\n                        Czarodziejska Akademia II \u2013 program zwi\u0119kszaj\u0105cy liczb\u0119 miejsc przedszkolnych w gminie Pabianice                    <\/a>\n                <\/h4>\n\n                <div class=\"description-post\">\n                                    <\/div>\n            <\/div>\n        <\/div>\n            <div class=\"item-post\">\n                            <a href=\"https:\/\/czarodziejskaakademia.pl\/dabrowskiego\/2021\/03\/30\/ogloszenie-dotyczace-projektu-2\/\" class=\"image-post\">\n                    \n\t\t\t<img decoding=\"async\"  src=\"https:\/\/czarodziejskaakademia.pl\/dabrowskiego\/wp-content\/uploads\/sites\/2\/2021\/03\/ksiazka7p.png\"\n\t\t\t\t\t\t\t\t\t\t\t\t\t\t\t alt=\"Og\u0142oszenie dotycz\u0105ce Projektu\"\n\t\t\t\t\t\t\t\t\t\t\t\t\t\t\t class=\"\">\n\n\t\t\t                <\/a>\n                        <div class=\"text-post\">\n                <ul class=\"info-post\">\n                    <li>\n                        30 marca, 2021                    <\/li>\n\n                    <li class=\"highlights\">\n                        BY <a href=\"https:\/\/czarodziejskaakademia.pl\/dabrowskiego\/author\/admin\/\">admin<\/a>\n                    <\/li>\n                <\/ul>\n\n                <h4 class=\"title-post\">\n                    <a href=\"https:\/\/czarodziejskaakademia.pl\/dabrowskiego\/2021\/03\/30\/ogloszenie-dotyczace-projektu-2\/\">\n                        Og\u0142oszenie dotycz\u0105ce Projektu                    <\/a>\n                <\/h4>\n\n                <div class=\"description-post\">\n                    Dnia 12 wrze\u015bnia 2014 roku Przedszkole Niepubliczne &#8222;Czarodzieska Akademia&#8221; rozpoczyna nab\u00f3r uczestnik\u00f3w do Projektu pod nazw\u0105 &#8222;Czarodziejska Akademia II \u2013...                <\/div>\n            <\/div>\n        <\/div>\n            <div class=\"item-post\">\n                            <a href=\"https:\/\/czarodziejskaakademia.pl\/dabrowskiego\/2021\/03\/30\/regulamin-rekrutacji-2\/\" class=\"image-post\">\n                    \n\t\t\t<img decoding=\"async\"  src=\"https:\/\/czarodziejskaakademia.pl\/dabrowskiego\/wp-content\/uploads\/sites\/2\/2021\/03\/ksiazka7p.png\"\n\t\t\t\t\t\t\t\t\t\t\t\t\t\t\t alt=\"Regulamin rekrutacji\"\n\t\t\t\t\t\t\t\t\t\t\t\t\t\t\t class=\"\">\n\n\t\t\t                <\/a>\n                        <div class=\"text-post\">\n                <ul class=\"info-post\">\n                    <li>\n                        30 marca, 2021                    <\/li>\n\n                    <li class=\"highlights\">\n                        BY <a href=\"https:\/\/czarodziejskaakademia.pl\/dabrowskiego\/author\/admin\/\">admin<\/a>\n                    <\/li>\n                <\/ul>\n\n                <h4 class=\"title-post\">\n                    <a href=\"https:\/\/czarodziejskaakademia.pl\/dabrowskiego\/2021\/03\/30\/regulamin-rekrutacji-2\/\">\n                        Regulamin rekrutacji                    <\/a>\n                <\/h4>\n\n                <div class=\"description-post\">\n                    REGULAMINREKRUTACJI DZIECI DO PROJEKTU\u201eCzarodziejska Akademia II \u2013 program zwi\u0119kszaj\u0105cy liczb\u0119 miejsc przedszkolnych w gminie Pabianice\u201d Umowa&nbsp; WND-POKL.09.01.01-10-120\/14 zwanego dalej projektem,...                <\/div>\n            <\/div>\n        <\/div>\n            <div class=\"item-post\">\n                            <a href=\"https:\/\/czarodziejskaakademia.pl\/dabrowskiego\/2021\/03\/30\/oferta-dla-grupy-w-ramach-projektu\/\" class=\"image-post\">\n                    \n\t\t\t<img decoding=\"async\"  src=\"https:\/\/czarodziejskaakademia.pl\/dabrowskiego\/wp-content\/uploads\/sites\/2\/2021\/03\/ksiazka7p.png\"\n\t\t\t\t\t\t\t\t\t\t\t\t\t\t\t alt=\"Oferta dla grupy w ramach Projektu\"\n\t\t\t\t\t\t\t\t\t\t\t\t\t\t\t class=\"\">\n\n\t\t\t                <\/a>\n                        <div class=\"text-post\">\n                <ul class=\"info-post\">\n                    <li>\n                        30 marca, 2021                    <\/li>\n\n                    <li class=\"highlights\">\n                        BY <a href=\"https:\/\/czarodziejskaakademia.pl\/dabrowskiego\/author\/admin\/\">admin<\/a>\n                    <\/li>\n                <\/ul>\n\n                <h4 class=\"title-post\">\n                    <a href=\"https:\/\/czarodziejskaakademia.pl\/dabrowskiego\/2021\/03\/30\/oferta-dla-grupy-w-ramach-projektu\/\">\n                        Oferta dla grupy w ramach Projektu                    <\/a>\n                <\/h4>\n\n                <div class=\"description-post\">\n                    &#8211; Grupa utworzona w ramach Projektu dzia\u0142a w godzinach pracy przedszkola, czyli od godziny 6.30 do 17.30; &#8211; Dzieci uczestnicz\u0105ce...                <\/div>\n            <\/div>\n        <\/div>\n            <div class=\"item-post\">\n                            <a href=\"https:\/\/czarodziejskaakademia.pl\/dabrowskiego\/2021\/03\/30\/oglaszamy-konkurs-ofert-na-zakup-wyposazenia-sali-oraz-uslugi-cateringowe-2\/\" class=\"image-post\">\n                    \n\t\t\t<img decoding=\"async\"  src=\"https:\/\/czarodziejskaakademia.pl\/dabrowskiego\/wp-content\/uploads\/sites\/2\/2021\/03\/ksiazka7p.png\"\n\t\t\t\t\t\t\t\t\t\t\t\t\t\t\t alt=\"Og\u0142aszamy konkurs ofert na zakup wyposa\u017cenia sali oraz us\u0142ugi cateringowe\"\n\t\t\t\t\t\t\t\t\t\t\t\t\t\t\t class=\"\">\n\n\t\t\t                <\/a>\n                        <div class=\"text-post\">\n                <ul class=\"info-post\">\n                    <li>\n                        30 marca, 2021                    <\/li>\n\n                    <li class=\"highlights\">\n                        BY <a href=\"https:\/\/czarodziejskaakademia.pl\/dabrowskiego\/author\/admin\/\">admin<\/a>\n                    <\/li>\n                <\/ul>\n\n                <h4 class=\"title-post\">\n                    <a href=\"https:\/\/czarodziejskaakademia.pl\/dabrowskiego\/2021\/03\/30\/oglaszamy-konkurs-ofert-na-zakup-wyposazenia-sali-oraz-uslugi-cateringowe-2\/\">\n                        Og\u0142aszamy konkurs ofert na zakup wyposa\u017cenia sali oraz us\u0142ugi cateringowe                    <\/a>\n                <\/h4>\n\n                <div class=\"description-post\">\n                    Przedszkole Niepubliczne &#8222;Czarodziejska Akademia&#8221; w ramach Projektu wsp\u00f3\u0142finansowanego ze \u015brodk\u00f3w Unii Europejskiej w ramach Europejskiego Funduszu Spo\u0142ecznego Dzia\u0142anie 9.1. &#8222;Wyr\u00f3wnanie...                <\/div>\n            <\/div>\n        <\/div>\n    <\/div>    <\/div>\n\n    \n[\/vc_column][\/vc_row]<\/p>\n<\/div>","protected":false},"excerpt":{"rendered":"<p>[vc_row content_placement=&#8221;top&#8221; css=&#8221;.vc_custom_1616510697828{padding-top: 72px !important;padding-bottom: 150px !important;background-color: #d8effa !important;}&#8221; bp_css_mobile=&#8221;.vc_custom_1616510697833{padding-top: 0px !important;padding-bottom: 0px !important;}&#8221;][vc_column width=&#8221;1\/4&#8243; el_class=&#8221;menu-boczne&#8221;][vc_single_image image=&#8221;1683&#8243; img_size=&#8221;full&#8221; alignment=&#8221;center&#8221;][vc_gallery type=&#8221;image_grid&#8221;&#8230;<\/p>\n","protected":false},"author":1,"featured_media":0,"parent":0,"menu_order":0,"comment_status":"closed","ping_status":"open","template":"","meta":{"footnotes":""},"class_list":["post-1195","page","type-page","status-publish","hentry"],"_links":{"self":[{"href":"https:\/\/czarodziejskaakademia.pl\/dabrowskiego\/wp-json\/wp\/v2\/pages\/1195","targetHints":{"allow":["GET"]}}],"collection":[{"href":"https:\/\/czarodziejskaakademia.pl\/dabrowskiego\/wp-json\/wp\/v2\/pages"}],"about":[{"href":"https:\/\/czarodziejskaakademia.pl\/dabrowskiego\/wp-json\/wp\/v2\/types\/page"}],"author":[{"embeddable":true,"href":"https:\/\/czarodziejskaakademia.pl\/dabrowskiego\/wp-json\/wp\/v2\/users\/1"}],"replies":[{"embeddable":true,"href":"https:\/\/czarodziejskaakademia.pl\/dabrowskiego\/wp-json\/wp\/v2\/comments?post=1195"}],"version-history":[{"count":13,"href":"https:\/\/czarodziejskaakademia.pl\/dabrowskiego\/wp-json\/wp\/v2\/pages\/1195\/revisions"}],"predecessor-version":[{"id":1866,"href":"https:\/\/czarodziejskaakademia.pl\/dabrowskiego\/wp-json\/wp\/v2\/pages\/1195\/revisions\/1866"}],"wp:attachment":[{"href":"https:\/\/czarodziejskaakademia.pl\/dabrowskiego\/wp-json\/wp\/v2\/media?parent=1195"}],"curies":[{"name":"wp","href":"https:\/\/api.w.org\/{rel}","templated":true}]}}