{"id":1154,"date":"2021-03-22T12:13:18","date_gmt":"2021-03-22T11:13:18","guid":{"rendered":"https:\/\/czarodziejskaakademia.pl\/dabrowskiego\/?page_id=1154"},"modified":"2021-03-30T11:05:47","modified_gmt":"2021-03-30T09:05:47","slug":"rekrutacja","status":"publish","type":"page","link":"https:\/\/czarodziejskaakademia.pl\/dabrowskiego\/oferta\/rekrutacja\/","title":{"rendered":"Rekrutacja"},"content":{"rendered":"<div class=\"wpb-content-wrapper\"><p>[vc_row content_placement=&#8221;top&#8221; css=&#8221;.vc_custom_1616510697828{padding-top: 72px !important;padding-bottom: 150px !important;background-color: #d8effa !important;}&#8221; bp_css_mobile=&#8221;.vc_custom_1616510697833{padding-top: 0px !important;padding-bottom: 0px !important;}&#8221;][vc_column width=&#8221;1\/4&#8243; el_class=&#8221;menu-boczne&#8221;][vc_single_image image=&#8221;1701&#8243; img_size=&#8221;full&#8221; alignment=&#8221;center&#8221;][vc_wp_custommenu nav_menu=&#8221;122&#8243;][vc_single_image image=&#8221;1702&#8243; img_size=&#8221;full&#8221; alignment=&#8221;center&#8221; css=&#8221;.vc_custom_1616770229814{padding-top: 10px !important;}&#8221;][\/vc_column][vc_column width=&#8221;3\/4&#8243;]\n<div class=\"bp-element bp-element-heading vc_custom_1616674515972 align-center kindergarten-layout-1  \" >\n        <h3 class=\"title\"  style=\"text-transform:none; margin:0px; \">\n    REKRUTACJA    <\/h3>\n\n    <div class=\"line\" ><\/div>\n\n\n\n<\/div>\n<div class=\"bp-element bp-element-features vc_custom_1617095145571 layout-1  \"  >\n\n\t\n<div class=\"features\">\n\t            <div class=\"item\">\n\t\t\t\t                    <i class=\"media-icon fas fa-angle-double-right\"\n                       aria-hidden=\"true\"  style=\"color:#56509f; \"><\/i>\n\t\t\t\t\n                    <div class=\"content\">\n\t\t\t\t\t\t                            <h6 class=\"title\"  style=\"font-size:16px; font-weight:normal; color:#2d2d2d; \">\n\t\t\t\t\t\t\t\t                                         Zapisy na nowy rok szkolny rozpoczynaj\u0105 si\u0119 1 marca ka\u017cdego roku i trwaj\u0105 do ostatniego wolnego miejsca                                                                    <\/h6>\n\n\t\t\t\t\t\t\n\t\t\t\t\t\t                    <\/div>\n            <\/div>\n\t            <div class=\"item\">\n\t\t\t\t                    <i class=\"media-icon fas fa-angle-double-right\"\n                       aria-hidden=\"true\"  style=\"color:#56509f; \"><\/i>\n\t\t\t\t\n                    <div class=\"content\">\n\t\t\t\t\t\t                            <h6 class=\"title\"  style=\"font-size:16px; font-weight:normal; color:#2d2d2d; \">\n\t\t\t\t\t\t\t\t                                        Zg\u0142oszenia po zamkni\u0119ciu listy zg\u0142osze\u0144 przyjmowane s\u0105 na list\u0119 rezerwow\u0105                                                                    <\/h6>\n\n\t\t\t\t\t\t\n\t\t\t\t\t\t                    <\/div>\n            <\/div>\n\t            <div class=\"item\">\n\t\t\t\t                    <i class=\"media-icon fas fa-angle-double-right\"\n                       aria-hidden=\"true\"  style=\"color:#56509f; \"><\/i>\n\t\t\t\t\n                    <div class=\"content\">\n\t\t\t\t\t\t                            <h6 class=\"title\"  style=\"font-size:16px; font-weight:normal; color:#2d2d2d; \">\n\t\t\t\t\t\t\t\t                                        Zapisy przyjmowane s\u0105 r\u00f3wnie\u017c w ci\u0105gu roku na wolne miejsca, w pierwszej kolejno\u015bci dzieci z listy rezerwowej.                                                                    <\/h6>\n\n\t\t\t\t\t\t\n\t\t\t\t\t\t                    <\/div>\n            <\/div>\n\t<\/div>\n\n<\/div>\n[vc_column_text]<strong>\u00a0O przyj\u0119ciu decyduje:<\/strong>[\/vc_column_text]\n<div class=\"bp-element bp-element-features vc_custom_1616678184960 layout-1  \"  >\n\n\t\n<div class=\"features\">\n\t            <div class=\"item\">\n\t\t\t\t                    <i class=\"media-icon fas fa-angle-double-right\"\n                       aria-hidden=\"true\"  style=\"color:#56509f; \"><\/i>\n\t\t\t\t\n                    <div class=\"content\">\n\t\t\t\t\t\t                            <h6 class=\"title\"  style=\"font-size:16px; font-weight:normal; color:#2d2d2d; \">\n\t\t\t\t\t\t\t\t                                         Kolejno\u015b\u0107 zg\u0142oszenia                                                                    <\/h6>\n\n\t\t\t\t\t\t\n\t\t\t\t\t\t                    <\/div>\n            <\/div>\n\t            <div class=\"item\">\n\t\t\t\t                    <i class=\"media-icon fas fa-angle-double-right\"\n                       aria-hidden=\"true\"  style=\"color:#56509f; \"><\/i>\n\t\t\t\t\n                    <div class=\"content\">\n\t\t\t\t\t\t                            <h6 class=\"title\"  style=\"font-size:16px; font-weight:normal; color:#2d2d2d; \">\n\t\t\t\t\t\t\t\t                                         Podpisanie umowy z przedszkolem przez rodzic\u00f3w\/opiekun\u00f3w prawnych                                                                    <\/h6>\n\n\t\t\t\t\t\t\n\t\t\t\t\t\t                    <\/div>\n            <\/div>\n\t            <div class=\"item\">\n\t\t\t\t                    <i class=\"media-icon fas fa-angle-double-right\"\n                       aria-hidden=\"true\"  style=\"color:#56509f; \"><\/i>\n\t\t\t\t\n                    <div class=\"content\">\n\t\t\t\t\t\t                            <h6 class=\"title\"  style=\"font-size:16px; font-weight:normal; color:#2d2d2d; \">\n\t\t\t\t\t\t\t\t                                        Op\u0142ata wpisowego                                                                     <\/h6>\n\n\t\t\t\t\t\t\n\t\t\t\t\t\t                    <\/div>\n            <\/div>\n\t<\/div>\n\n<\/div>\n[vc_column_text]<\/p>\n<h4 style=\"text-align: center;\"><a href=\"https:\/\/czarodziejskaakademia.pl\/dabrowskiego\/wp-content\/uploads\/sites\/2\/2021\/03\/karta_zgloszenia_zielona3.pdf\" target=\"_blank\" rel=\"noopener\">Pobierz kart\u0119 zg\u0142oszenia dziecka do przedszkola !<\/a><\/h4>\n<p>[\/vc_column_text][\/vc_column][\/vc_row]<\/p>\n<\/div>","protected":false},"excerpt":{"rendered":"<p>[vc_row content_placement=&#8221;top&#8221; css=&#8221;.vc_custom_1616510697828{padding-top: 72px !important;padding-bottom: 150px !important;background-color: #d8effa !important;}&#8221; bp_css_mobile=&#8221;.vc_custom_1616510697833{padding-top: 0px !important;padding-bottom: 0px !important;}&#8221;][vc_column width=&#8221;1\/4&#8243; el_class=&#8221;menu-boczne&#8221;][vc_single_image image=&#8221;1701&#8243; img_size=&#8221;full&#8221; alignment=&#8221;center&#8221;][vc_wp_custommenu nav_menu=&#8221;122&#8243;][vc_single_image&#8230;<\/p>\n","protected":false},"author":1,"featured_media":0,"parent":1152,"menu_order":0,"comment_status":"closed","ping_status":"open","template":"","meta":{"footnotes":""},"class_list":["post-1154","page","type-page","status-publish","hentry"],"_links":{"self":[{"href":"https:\/\/czarodziejskaakademia.pl\/dabrowskiego\/wp-json\/wp\/v2\/pages\/1154","targetHints":{"allow":["GET"]}}],"collection":[{"href":"https:\/\/czarodziejskaakademia.pl\/dabrowskiego\/wp-json\/wp\/v2\/pages"}],"about":[{"href":"https:\/\/czarodziejskaakademia.pl\/dabrowskiego\/wp-json\/wp\/v2\/types\/page"}],"author":[{"embeddable":true,"href":"https:\/\/czarodziejskaakademia.pl\/dabrowskiego\/wp-json\/wp\/v2\/users\/1"}],"replies":[{"embeddable":true,"href":"https:\/\/czarodziejskaakademia.pl\/dabrowskiego\/wp-json\/wp\/v2\/comments?post=1154"}],"version-history":[{"count":18,"href":"https:\/\/czarodziejskaakademia.pl\/dabrowskiego\/wp-json\/wp\/v2\/pages\/1154\/revisions"}],"predecessor-version":[{"id":3322,"href":"https:\/\/czarodziejskaakademia.pl\/dabrowskiego\/wp-json\/wp\/v2\/pages\/1154\/revisions\/3322"}],"up":[{"embeddable":true,"href":"https:\/\/czarodziejskaakademia.pl\/dabrowskiego\/wp-json\/wp\/v2\/pages\/1152"}],"wp:attachment":[{"href":"https:\/\/czarodziejskaakademia.pl\/dabrowskiego\/wp-json\/wp\/v2\/media?parent=1154"}],"curies":[{"name":"wp","href":"https:\/\/api.w.org\/{rel}","templated":true}]}}