{"id":1122,"date":"2021-03-22T11:32:19","date_gmt":"2021-03-22T10:32:19","guid":{"rendered":"https:\/\/czarodziejskaakademia.pl\/dabrowskiego\/?page_id=1122"},"modified":"2021-03-26T15:41:00","modified_gmt":"2021-03-26T14:41:00","slug":"misja-i-wizja","status":"publish","type":"page","link":"https:\/\/czarodziejskaakademia.pl\/dabrowskiego\/o-nas\/misja-i-wizja\/","title":{"rendered":"Misja i wizja"},"content":{"rendered":"<div class=\"wpb-content-wrapper\"><p>[vc_row content_placement=&#8221;top&#8221; css=&#8221;.vc_custom_1616510697828{padding-top: 72px !important;padding-bottom: 150px !important;background-color: #d8effa !important;}&#8221; bp_css_mobile=&#8221;.vc_custom_1616510697833{padding-top: 0px !important;padding-bottom: 0px !important;}&#8221;][vc_column width=&#8221;1\/4&#8243; el_class=&#8221;menu-boczne&#8221;][vc_single_image image=&#8221;1687&#8243; img_size=&#8221;full&#8221; alignment=&#8221;center&#8221;][vc_wp_custommenu nav_menu=&#8221;118&#8243;][vc_single_image image=&#8221;1689&#8243; img_size=&#8221;full&#8221; alignment=&#8221;center&#8221; css=&#8221;.vc_custom_1616769661222{padding-top: 30px !important;}&#8221;][\/vc_column][vc_column width=&#8221;3\/4&#8243;]\n<div class=\"bp-element bp-element-heading vc_custom_1616597500012 align-center kindergarten-layout-1  \" >\n        <h3 class=\"title\"  style=\"text-transform:none; margin:0px; \">\n    MISJA i WIZJA    <\/h3>\n\n    <div class=\"line\" ><\/div>\n\n\n\n<\/div>[vc_column_text]<\/p>\n<div class=\"act\">\n<p>Wszechstronny rozw\u00f3j dziecka zgodny z jego wrodzonym potencja\u0142em prowadz\u0105cym do samodzielno\u015bci i otwarto\u015bci na ludzi i \u015bwiat.<\/p>\n<\/div>\n<p>[\/vc_column_text][vc_column_text]<\/p>\n<div class=\"act\">\n<p><strong>MISJA<\/strong><\/p>\n<\/div>\n<p>[\/vc_column_text]\n<div class=\"bp-element bp-element-features vc_custom_1616597732924 layout-1  \"  >\n\n\t\n<div class=\"features\">\n\t            <div class=\"item\">\n\t\t\t\t                    <i class=\"media-icon fas fa-angle-double-right\"\n                       aria-hidden=\"true\"  style=\"color:#56509f; \"><\/i>\n\t\t\t\t\n                    <div class=\"content\">\n\t\t\t\t\t\t                            <h6 class=\"title\"  style=\"font-size:16px; font-weight:normal; color:#2d2d2d; \">\n\t\t\t\t\t\t\t\t                                        W przedszkolu ka\u017cde dziecko czuje si\u0119 bezpieczne, szcz\u0119\u015bliwe i akceptowane                                                                    <\/h6>\n\n\t\t\t\t\t\t\n\t\t\t\t\t\t                    <\/div>\n            <\/div>\n\t            <div class=\"item\">\n\t\t\t\t                    <i class=\"media-icon fas fa-angle-double-right\"\n                       aria-hidden=\"true\"  style=\"color:#56509f; \"><\/i>\n\t\t\t\t\n                    <div class=\"content\">\n\t\t\t\t\t\t                            <h6 class=\"title\"  style=\"font-size:16px; font-weight:normal; color:#2d2d2d; \">\n\t\t\t\t\t\t\t\t                                        Ka\u017cde dziecko traktowane jest indywidualnie i podmiotowo                                                                    <\/h6>\n\n\t\t\t\t\t\t\n\t\t\t\t\t\t                    <\/div>\n            <\/div>\n\t            <div class=\"item\">\n\t\t\t\t                    <i class=\"media-icon fas fa-angle-double-right\"\n                       aria-hidden=\"true\"  style=\"color:#56509f; \"><\/i>\n\t\t\t\t\n                    <div class=\"content\">\n\t\t\t\t\t\t                            <h6 class=\"title\"  style=\"font-size:16px; font-weight:normal; color:#2d2d2d; \">\n\t\t\t\t\t\t\t\t                                        Ka\u017cde dziecko zna swoje prawa i obowi\u0105zki                                                                    <\/h6>\n\n\t\t\t\t\t\t\n\t\t\t\t\t\t                    <\/div>\n            <\/div>\n\t            <div class=\"item\">\n\t\t\t\t                    <i class=\"media-icon fas fa-angle-double-right\"\n                       aria-hidden=\"true\"  style=\"color:#56509f; \"><\/i>\n\t\t\t\t\n                    <div class=\"content\">\n\t\t\t\t\t\t                            <h6 class=\"title\"  style=\"font-size:16px; font-weight:normal; color:#2d2d2d; \">\n\t\t\t\t\t\t\t\t                                        Wychowujemy dzieci z bogat\u0105 wyobra\u017ani\u0105 tw\u00f3rcz\u0105, zdolne do spontanicznej ekspresji w\u0142asnych uczu\u0107 i my\u015bli, otwarte na pomys\u0142y i inspiracje p\u0142yn\u0105cych od innych os\u00f3b oraz gotowe do szukania nowych i oryginalnych rozwi\u0105za\u0144                                                                    <\/h6>\n\n\t\t\t\t\t\t\n\t\t\t\t\t\t                    <\/div>\n            <\/div>\n\t            <div class=\"item\">\n\t\t\t\t                    <i class=\"media-icon fas fa-angle-double-right\"\n                       aria-hidden=\"true\"  style=\"color:#56509f; \"><\/i>\n\t\t\t\t\n                    <div class=\"content\">\n\t\t\t\t\t\t                            <h6 class=\"title\"  style=\"font-size:16px; font-weight:normal; color:#2d2d2d; \">\n\t\t\t\t\t\t\t\t                                        Poznaje, uczy si\u0119 i kultywuje tradycje                                                                    <\/h6>\n\n\t\t\t\t\t\t\n\t\t\t\t\t\t                    <\/div>\n            <\/div>\n\t            <div class=\"item\">\n\t\t\t\t                    <i class=\"media-icon fas fa-angle-double-right\"\n                       aria-hidden=\"true\"  style=\"color:#56509f; \"><\/i>\n\t\t\t\t\n                    <div class=\"content\">\n\t\t\t\t\t\t                            <h6 class=\"title\"  style=\"font-size:16px; font-weight:normal; color:#2d2d2d; \">\n\t\t\t\t\t\t\t\t                                        Poznaje zdobycze techniki i ich praktyczne zastosowanie                                                                    <\/h6>\n\n\t\t\t\t\t\t\n\t\t\t\t\t\t                    <\/div>\n            <\/div>\n\t            <div class=\"item\">\n\t\t\t\t                    <i class=\"media-icon fas fa-angle-double-right\"\n                       aria-hidden=\"true\"  style=\"color:#56509f; \"><\/i>\n\t\t\t\t\n                    <div class=\"content\">\n\t\t\t\t\t\t                            <h6 class=\"title\"  style=\"font-size:16px; font-weight:normal; color:#2d2d2d; \">\n\t\t\t\t\t\t\t\t                                        Dziecko uczy si\u0119 kocha\u0107 przyrod\u0119, poznawa\u0107 j\u0105 wszystkimi zmys\u0142ami i \u017cy\u0107 z ni\u0105 w r\u00f3wnowadze                                                                    <\/h6>\n\n\t\t\t\t\t\t\n\t\t\t\t\t\t                    <\/div>\n            <\/div>\n\t            <div class=\"item\">\n\t\t\t\t                    <i class=\"media-icon fas fa-angle-double-right\"\n                       aria-hidden=\"true\"  style=\"color:#56509f; \"><\/i>\n\t\t\t\t\n                    <div class=\"content\">\n\t\t\t\t\t\t                            <h6 class=\"title\"  style=\"font-size:16px; font-weight:normal; color:#2d2d2d; \">\n\t\t\t\t\t\t\t\t                                        Kszta\u0142tujemy postaw\u0119 przynale\u017cno\u015bci do swojego kraju w zjednoczonej Europie                                                                    <\/h6>\n\n\t\t\t\t\t\t\n\t\t\t\t\t\t                    <\/div>\n            <\/div>\n\t<\/div>\n\n<\/div>\n[vc_column_text]<\/p>\n<div class=\"act\">\n<p><strong>WIZJA<\/strong><\/p>\n<\/div>\n<p>[\/vc_column_text]\n<div class=\"bp-element bp-element-features vc_custom_1616597945607 layout-1  \"  >\n\n\t\n<div class=\"features\">\n\t            <div class=\"item\">\n\t\t\t\t                    <i class=\"media-icon fas fa-angle-double-right\"\n                       aria-hidden=\"true\"  style=\"color:#56509f; \"><\/i>\n\t\t\t\t\n                    <div class=\"content\">\n\t\t\t\t\t\t                            <h6 class=\"title\"  style=\"font-size:16px; color:#2d2d2d; \">\n\t\t\t\t\t\t\t\t                                        Przedszkole jest drugim domem \u2013 bezpiecznym, estetycznym i funkcjonalnym                                                                    <\/h6>\n\n\t\t\t\t\t\t\n\t\t\t\t\t\t                    <\/div>\n            <\/div>\n\t            <div class=\"item\">\n\t\t\t\t                    <i class=\"media-icon fas fa-angle-double-right\"\n                       aria-hidden=\"true\"  style=\"color:#56509f; \"><\/i>\n\t\t\t\t\n                    <div class=\"content\">\n\t\t\t\t\t\t                            <h6 class=\"title\"  style=\"font-size:16px; color:#2d2d2d; \">\n\t\t\t\t\t\t\t\t                                        Rodzice darz\u0105 nas zaufaniem i wsp\u00f3\u0142pracuj\u0105 z nami                                                                    <\/h6>\n\n\t\t\t\t\t\t\n\t\t\t\t\t\t                    <\/div>\n            <\/div>\n\t            <div class=\"item\">\n\t\t\t\t                    <i class=\"media-icon fas fa-angle-double-right\"\n                       aria-hidden=\"true\"  style=\"color:#56509f; \"><\/i>\n\t\t\t\t\n                    <div class=\"content\">\n\t\t\t\t\t\t                            <h6 class=\"title\"  style=\"font-size:16px; color:#2d2d2d; \">\n\t\t\t\t\t\t\t\t                                        Nauczyciele podejmuj\u0105 wyzwania zwi\u0105zane z doskonaleniem zawodowym i warsztatu swojej pracy, otwarci s\u0105 na innowacje i eksperymenty pedagogiczne, dziel\u0105 si\u0119 swoj\u0105 wiedza i umiej\u0119tno\u015bciami dostrzegaj\u0105 i rozwijaj\u0105 zdolno\u015bci swoich wychowank\u00f3w                                                                    <\/h6>\n\n\t\t\t\t\t\t\n\t\t\t\t\t\t                    <\/div>\n            <\/div>\n\t            <div class=\"item\">\n\t\t\t\t                    <i class=\"media-icon fas fa-angle-double-right\"\n                       aria-hidden=\"true\"  style=\"color:#56509f; \"><\/i>\n\t\t\t\t\n                    <div class=\"content\">\n\t\t\t\t\t\t                            <h6 class=\"title\"  style=\"font-size:16px; color:#2d2d2d; \">\n\t\t\t\t\t\t\t\t                                        Personel dba o wizerunek przedszkola w \u015brodowisku                                                                    <\/h6>\n\n\t\t\t\t\t\t\n\t\t\t\t\t\t                    <\/div>\n            <\/div>\n\t            <div class=\"item\">\n\t\t\t\t                    <i class=\"media-icon fas fa-angle-double-right\"\n                       aria-hidden=\"true\"  style=\"color:#56509f; \"><\/i>\n\t\t\t\t\n                    <div class=\"content\">\n\t\t\t\t\t\t                            <h6 class=\"title\"  style=\"font-size:16px; color:#2d2d2d; \">\n\t\t\t\t\t\t\t\t                                        W\u0142a\u015bcicielka dba o rozw\u00f3j przedszkola przez dzia\u0142ania menad\u017cerski                                                                    <\/h6>\n\n\t\t\t\t\t\t\n\t\t\t\t\t\t                    <\/div>\n            <\/div>\n\t<\/div>\n\n<\/div>\n[\/vc_column][\/vc_row]<\/p>\n<\/div>","protected":false},"excerpt":{"rendered":"<p>[vc_row content_placement=&#8221;top&#8221; css=&#8221;.vc_custom_1616510697828{padding-top: 72px !important;padding-bottom: 150px !important;background-color: #d8effa !important;}&#8221; bp_css_mobile=&#8221;.vc_custom_1616510697833{padding-top: 0px !important;padding-bottom: 0px !important;}&#8221;][vc_column width=&#8221;1\/4&#8243; el_class=&#8221;menu-boczne&#8221;][vc_single_image image=&#8221;1687&#8243; img_size=&#8221;full&#8221; alignment=&#8221;center&#8221;][vc_wp_custommenu nav_menu=&#8221;118&#8243;][vc_single_image&#8230;<\/p>\n","protected":false},"author":1,"featured_media":0,"parent":1110,"menu_order":0,"comment_status":"closed","ping_status":"closed","template":"","meta":{"footnotes":""},"class_list":["post-1122","page","type-page","status-publish","hentry"],"_links":{"self":[{"href":"https:\/\/czarodziejskaakademia.pl\/dabrowskiego\/wp-json\/wp\/v2\/pages\/1122","targetHints":{"allow":["GET"]}}],"collection":[{"href":"https:\/\/czarodziejskaakademia.pl\/dabrowskiego\/wp-json\/wp\/v2\/pages"}],"about":[{"href":"https:\/\/czarodziejskaakademia.pl\/dabrowskiego\/wp-json\/wp\/v2\/types\/page"}],"author":[{"embeddable":true,"href":"https:\/\/czarodziejskaakademia.pl\/dabrowskiego\/wp-json\/wp\/v2\/users\/1"}],"replies":[{"embeddable":true,"href":"https:\/\/czarodziejskaakademia.pl\/dabrowskiego\/wp-json\/wp\/v2\/comments?post=1122"}],"version-history":[{"count":7,"href":"https:\/\/czarodziejskaakademia.pl\/dabrowskiego\/wp-json\/wp\/v2\/pages\/1122\/revisions"}],"predecessor-version":[{"id":1716,"href":"https:\/\/czarodziejskaakademia.pl\/dabrowskiego\/wp-json\/wp\/v2\/pages\/1122\/revisions\/1716"}],"up":[{"embeddable":true,"href":"https:\/\/czarodziejskaakademia.pl\/dabrowskiego\/wp-json\/wp\/v2\/pages\/1110"}],"wp:attachment":[{"href":"https:\/\/czarodziejskaakademia.pl\/dabrowskiego\/wp-json\/wp\/v2\/media?parent=1122"}],"curies":[{"name":"wp","href":"https:\/\/api.w.org\/{rel}","templated":true}]}}