{"id":1120,"date":"2021-03-22T11:31:56","date_gmt":"2021-03-22T10:31:56","guid":{"rendered":"https:\/\/czarodziejskaakademia.pl\/dabrowskiego\/?page_id=1120"},"modified":"2021-03-26T15:41:36","modified_gmt":"2021-03-26T14:41:36","slug":"cele-i-programy-menis","status":"publish","type":"page","link":"https:\/\/czarodziejskaakademia.pl\/dabrowskiego\/o-nas\/cele-i-programy-menis\/","title":{"rendered":"Cele i Programy MENiS"},"content":{"rendered":"<div class=\"wpb-content-wrapper\"><p>[vc_row content_placement=&#8221;top&#8221; css=&#8221;.vc_custom_1616510697828{padding-top: 72px !important;padding-bottom: 150px !important;background-color: #d8effa !important;}&#8221; bp_css_mobile=&#8221;.vc_custom_1616510697833{padding-top: 0px !important;padding-bottom: 0px !important;}&#8221;][vc_column width=&#8221;1\/4&#8243; el_class=&#8221;menu-boczne&#8221;][vc_single_image image=&#8221;1687&#8243; img_size=&#8221;full&#8221; alignment=&#8221;center&#8221;][vc_wp_custommenu nav_menu=&#8221;118&#8243;][vc_single_image image=&#8221;1689&#8243; img_size=&#8221;full&#8221; alignment=&#8221;center&#8221; css=&#8221;.vc_custom_1616769695328{padding-top: 30px !important;}&#8221;][\/vc_column][vc_column width=&#8221;3\/4&#8243;]\n<div class=\"bp-element bp-element-heading vc_custom_1616595285634 align-center kindergarten-layout-1  \" >\n        <h3 class=\"title\"  style=\"text-transform:none; margin:0px; \">\n    CELE i PROGRAMY MENiS    <\/h3>\n\n    <div class=\"line\" ><\/div>\n\n\n\n<\/div>[vc_column_text]<\/p>\n<div class=\"act\">\n<p><strong>Przedszkole realizuje cele i zadania:<\/strong><\/p>\n<\/div>\n<p>[\/vc_column_text]\n<div class=\"bp-element bp-element-features vc_custom_1616597197396 layout-1  \"  >\n\n\t\n<div class=\"features\">\n\t            <div class=\"item\">\n\t\t\t\t                    <i class=\"media-icon fas fa-angle-double-right\"\n                       aria-hidden=\"true\"  style=\"color:#56509f; \"><\/i>\n\t\t\t\t\n                    <div class=\"content\">\n\t\t\t\t\t\t                            <h6 class=\"title\"  style=\"font-size:16px; font-weight:normal; color:#2d2d2d; \">\n\t\t\t\t\t\t\t\t                                        okre\u015blone Ustaw\u0105 Prawo O\u015bwiatowe z dnia 14 grudnia 2016r. (tekst jednolity Dz.U. 2020r., poz.910)                                                                    <\/h6>\n\n\t\t\t\t\t\t\n\t\t\t\t\t\t                    <\/div>\n            <\/div>\n\t            <div class=\"item\">\n\t\t\t\t                    <i class=\"media-icon fas fa-angle-double-right\"\n                       aria-hidden=\"true\"  style=\"color:#56509f; \"><\/i>\n\t\t\t\t\n                    <div class=\"content\">\n\t\t\t\t\t\t                            <h6 class=\"title\"  style=\"font-size:16px; font-weight:normal; color:#2d2d2d; \">\n\t\t\t\t\t\t\t\t                                        podstawy programowej okre\u015blonej przez Ministerstwo Edukacji Narodowej i obowi\u0105zuj\u0105cej od roku 2017.                                                                    <\/h6>\n\n\t\t\t\t\t\t\n\t\t\t\t\t\t                    <\/div>\n            <\/div>\n\t<\/div>\n\n<\/div>\n[vc_column_text]<\/p>\n<div class=\"act\">\n<p><strong>Realizuje\u00a0nast\u0119puj\u0105ce programy wychowania przedszkolnego:<\/strong><\/p>\n<\/div>\n<p>[\/vc_column_text]\n<div class=\"bp-element bp-element-features vc_custom_1616597205974 layout-1  \"  >\n\n\t\n<div class=\"features\">\n\t            <div class=\"item\">\n\t\t\t\t                    <i class=\"media-icon fas fa-angle-double-right\"\n                       aria-hidden=\"true\"  style=\"color:#56509f; \"><\/i>\n\t\t\t\t\n                    <div class=\"content\">\n\t\t\t\t\t\t                            <h6 class=\"title\"  style=\"font-size:16px; color:#2d2d2d; \">\n\t\t\t\t\t\t\t\t                                        Program edukacji przedszkolnej wspomagaj\u0105cej aktywno\u015bci dzieci \u2013 &quot;Nasze Przedszkole&quot;, wyd. MAC                                                                    <\/h6>\n\n\t\t\t\t\t\t\n\t\t\t\t\t\t                    <\/div>\n            <\/div>\n\t            <div class=\"item\">\n\t\t\t\t                    <i class=\"media-icon fas fa-angle-double-right\"\n                       aria-hidden=\"true\"  style=\"color:#56509f; \"><\/i>\n\t\t\t\t\n                    <div class=\"content\">\n\t\t\t\t\t\t                            <h6 class=\"title\"  style=\"font-size:16px; color:#2d2d2d; \">\n\t\t\t\t\t\t\t\t                                        Program nauczania j\u0119zyka angielskiego \u2013 kurs dla przedszkoli Joanna Zara\u0144ska, Magdalena Appel, Wydawnictwo MacMillan Polska                                                                    <\/h6>\n\n\t\t\t\t\t\t\n\t\t\t\t\t\t                    <\/div>\n            <\/div>\n\t<\/div>\n\n<\/div>\n[vc_column_text]<\/p>\n<div class=\"act\">\n<p><strong>Program nauczania religii \u2013 wydawnictwo:<\/strong><\/p>\n<\/div>\n<p>[\/vc_column_text]\n<div class=\"bp-element bp-element-features vc_custom_1616597215030 layout-1  \"  >\n\n\t\n<div class=\"features\">\n\t            <div class=\"item\">\n\t\t\t\t                    <i class=\"media-icon fas fa-angle-double-right\"\n                       aria-hidden=\"true\"  style=\"color:#56509f; \"><\/i>\n\t\t\t\t\n                    <div class=\"content\">\n\t\t\t\t\t\t                            <h6 class=\"title\"  style=\"font-size:16px; color:#2d2d2d; \">\n\t\t\t\t\t\t\t\t                                        Komisja Wychowania Katolickiego                                                                    <\/h6>\n\n\t\t\t\t\t\t\n\t\t\t\t\t\t                    <\/div>\n            <\/div>\n\t            <div class=\"item\">\n\t\t\t\t                    <i class=\"media-icon fas fa-angle-double-right\"\n                       aria-hidden=\"true\"  style=\"color:#56509f; \"><\/i>\n\t\t\t\t\n                    <div class=\"content\">\n\t\t\t\t\t\t                            <h6 class=\"title\"  style=\"font-size:16px; color:#2d2d2d; \">\n\t\t\t\t\t\t\t\t                                        Konferencji Episkopatu Polski                                                                    <\/h6>\n\n\t\t\t\t\t\t\n\t\t\t\t\t\t                    <\/div>\n            <\/div>\n\t<\/div>\n\n<\/div>\n[vc_column_text]<\/p>\n<div class=\"act\">\n<h4 style=\"text-align: center;\"><strong>Celem przedszkola jest wspomaganie i ukierunkowywanie rozwoju dziecka zgodnie z jego wrodzonym potencja\u0142em, predyspozycjami i mo\u017cliwo\u015bciami rozwojowymi w relacjach ze \u015brodowiskiem spo\u0142eczno \u2013 kulturowym i przyrodniczym.<\/strong><\/h4>\n<\/div>\n<p>[\/vc_column_text][\/vc_column][\/vc_row]<\/p>\n<\/div>","protected":false},"excerpt":{"rendered":"<p>[vc_row content_placement=&#8221;top&#8221; css=&#8221;.vc_custom_1616510697828{padding-top: 72px !important;padding-bottom: 150px !important;background-color: #d8effa !important;}&#8221; bp_css_mobile=&#8221;.vc_custom_1616510697833{padding-top: 0px !important;padding-bottom: 0px !important;}&#8221;][vc_column width=&#8221;1\/4&#8243; el_class=&#8221;menu-boczne&#8221;][vc_single_image image=&#8221;1687&#8243; img_size=&#8221;full&#8221; alignment=&#8221;center&#8221;][vc_wp_custommenu nav_menu=&#8221;118&#8243;][vc_single_image&#8230;<\/p>\n","protected":false},"author":1,"featured_media":0,"parent":1110,"menu_order":0,"comment_status":"closed","ping_status":"closed","template":"","meta":{"footnotes":""},"class_list":["post-1120","page","type-page","status-publish","hentry"],"_links":{"self":[{"href":"https:\/\/czarodziejskaakademia.pl\/dabrowskiego\/wp-json\/wp\/v2\/pages\/1120","targetHints":{"allow":["GET"]}}],"collection":[{"href":"https:\/\/czarodziejskaakademia.pl\/dabrowskiego\/wp-json\/wp\/v2\/pages"}],"about":[{"href":"https:\/\/czarodziejskaakademia.pl\/dabrowskiego\/wp-json\/wp\/v2\/types\/page"}],"author":[{"embeddable":true,"href":"https:\/\/czarodziejskaakademia.pl\/dabrowskiego\/wp-json\/wp\/v2\/users\/1"}],"replies":[{"embeddable":true,"href":"https:\/\/czarodziejskaakademia.pl\/dabrowskiego\/wp-json\/wp\/v2\/comments?post=1120"}],"version-history":[{"count":23,"href":"https:\/\/czarodziejskaakademia.pl\/dabrowskiego\/wp-json\/wp\/v2\/pages\/1120\/revisions"}],"predecessor-version":[{"id":1696,"href":"https:\/\/czarodziejskaakademia.pl\/dabrowskiego\/wp-json\/wp\/v2\/pages\/1120\/revisions\/1696"}],"up":[{"embeddable":true,"href":"https:\/\/czarodziejskaakademia.pl\/dabrowskiego\/wp-json\/wp\/v2\/pages\/1110"}],"wp:attachment":[{"href":"https:\/\/czarodziejskaakademia.pl\/dabrowskiego\/wp-json\/wp\/v2\/media?parent=1120"}],"curies":[{"name":"wp","href":"https:\/\/api.w.org\/{rel}","templated":true}]}}