{"id":1116,"date":"2021-03-22T11:28:41","date_gmt":"2021-03-22T10:28:41","guid":{"rendered":"https:\/\/czarodziejskaakademia.pl\/dabrowskiego\/?page_id=1116"},"modified":"2025-03-11T11:38:09","modified_gmt":"2025-03-11T10:38:09","slug":"tablica-interaktywna","status":"publish","type":"page","link":"https:\/\/czarodziejskaakademia.pl\/dabrowskiego\/oferta\/tablica-interaktywna\/","title":{"rendered":"Tablica interaktywna"},"content":{"rendered":"<div class=\"wpb-content-wrapper\"><p>[vc_row content_placement=&#8221;top&#8221; css=&#8221;.vc_custom_1616510697828{padding-top: 72px !important;padding-bottom: 150px !important;background-color: #d8effa !important;}&#8221; bp_css_mobile=&#8221;.vc_custom_1616510697833{padding-top: 0px !important;padding-bottom: 0px !important;}&#8221;][vc_column width=&#8221;1\/4&#8243; el_class=&#8221;menu-boczne&#8221;][vc_single_image image=&#8221;1701&#8243; img_size=&#8221;full&#8221; alignment=&#8221;center&#8221;][vc_wp_custommenu nav_menu=&#8221;122&#8243;][vc_single_image image=&#8221;1702&#8243; img_size=&#8221;full&#8221; alignment=&#8221;center&#8221; css=&#8221;.vc_custom_1617092952811{padding-top: 30px !important;}&#8221;][\/vc_column][vc_column width=&#8221;3\/4&#8243;]\n<div class=\"bp-element bp-element-heading vc_custom_1616603027699 align-center kindergarten-layout-1  \" >\n        <h3 class=\"title\"  style=\"text-transform:none; margin:0px; \">\n    TABLICA INTERAKTYWNA    <\/h3>\n\n    <div class=\"line\" ><\/div>\n\n\n\n<\/div>\n<div class=\"bp-element bp-element-accordion js-call-accordion kindergarten-layout-1   \" >\n    <div class=\"wrap-element\">\n                                <div class=\"accordion-item color-1 js-dropdown active-dropdown\" >\n                    <div class=\"question js-toggle-dropdown\" >\n                                                    <i class=\"media-icon ionicons ion-university\"                                aria-hidden=\"true\"><\/i>\n                                                CO TO JEST TABLICA INTERAKTYWNA ?                    <\/div>\n\n                    <div class=\"answer js-dropdown-content\">\n                        Jest to tablica elektromagnetyczna, kt\u00f3ra poprzez po\u0142\u0105czenie z komputerem i projektorem multimedialnym staje si\u0119 interaktywnym narz\u0119dziem do prowadzenia nowoczesnych prezentacji. Tablica pe\u0142ni rol\u0119 wielkiego monitora.                     <\/div>\n                <\/div>\n                                            <div class=\"accordion-item color-2 js-dropdown \" >\n                    <div class=\"question js-toggle-dropdown\" >\n                                                    <i class=\"media-icon ionicons ion-social-apple\"                                aria-hidden=\"true\"><\/i>\n                                                JAK DZIA\u0141A ?                    <\/div>\n\n                    <div class=\"answer js-dropdown-content\">\n                        Tablica elektromagnetyczna reaguje na specjalny pisak, pi\u00f3ro jak na dotyk. Projektor multimedialny, komputer oraz tablica multimedialna s\u0105 nawzajem ze sob\u0105 po\u0142\u0105czone i zintegrowane. Projektor rzuca obraz z monitora komputera na tablic\u0119 i ta przejmuje funkcj\u0119 monitora. Pisaka u\u017cywa si\u0119 jak myszki, a wi\u0119c uzyskuje si\u0119 pe\u0142ny dost\u0119p do funkcjonalno\u015bci komputera z poziomu tablicy. Teraz mo\u017cna uruchamia\u0107 programy, pracowa\u0107 w nich nie odchodz\u0105c od tablicy.                     <\/div>\n                <\/div>\n                                            <div class=\"accordion-item color-3 js-dropdown \" >\n                    <div class=\"question js-toggle-dropdown\" >\n                                                    <i class=\"media-icon ionicons ion-paintbrush\"                                aria-hidden=\"true\"><\/i>\n                                                MO\u017bLIWO\u015aCI                    <\/div>\n\n                    <div class=\"answer js-dropdown-content\">\n                        Przewag\u0105 tablicy interaktywnej nad tradycyjnymi tablicami jest fakt, \u017ce dodatkowo umo\u017cliwia ona pisanie, rysowanie, powi\u0119kszanie obraz\u00f3w itp. na tle aktualnie edytowanego dokumentu. To umo\u017cliwia tworzenie nowoczesnych, dynamicznych, interaktywnych zaj\u0119\u0107.                     <\/div>\n                <\/div>\n                                            <div class=\"accordion-item color-4 js-dropdown \" >\n                    <div class=\"question js-toggle-dropdown\" >\n                                                    <i class=\"media-icon ionicons ion-music-note\"                                aria-hidden=\"true\"><\/i>\n                                                ZALETY                    <\/div>\n\n                    <div class=\"answer js-dropdown-content\">\n                        \u2022    interaktywno\u015b\u0107 prowadzonych zaj\u0119\u0107 dydaktycznych (np. przegl\u0105danie Internetu w trakcie zaj\u0119\u0107) wysoka atrakcyjno\u015b\u0107 zar\u00f3wno dla prowadz\u0105cego, jak i dla uczestnik\u00f3w (zaj\u0119cia powstaj\u0105 na bie\u017c\u0105co);\n\u2022    wysoka dynamika pracy (\u0142atwo\u015b\u0107 dodawania komentarzy, edycji dokument\u00f3w, itp.);\n\u2022    mo\u017cliwo\u015b\u0107 \u0142atwego wykorzystania pe\u0142nych mo\u017cliwo\u015bci multimedialnych komputera (np. pokazywanie zdj\u0119\u0107, film\u00f3w, animacji itp.);\n\u2022    \u0142atwe anga\u017cowanie uczestnik\u00f3w do wsp\u00f3\u0142tworzenia zaj\u0119\u0107;\n\u2022    \u0142atwiejsze i skuteczniejsze przyswajanie wiedzy;\n\u2022    prowadz\u0105cy mo\u017ce prowadzi\u0107 zaj\u0119cia w tempie dostosowanym do potrzeb dzieci;\n\u2022    je\u017celi istnieje taka potrzeba zawsze mo\u017cna otworzy\u0107 dodatkowe okno i wype\u0142ni\u0107 je uwagami, zdj\u0119ciami, materia\u0142ami, kt\u00f3re na dan\u0105 chwil\u0119 s\u0105 potrzebne, omawiane, zakomunikowane;\n\u2022    umo\u017cliwia stosowanie w pe\u0142niejszy spos\u00f3b Internetu, program\u00f3w multimedialnych i film\u00f3w dydaktycznych dzi\u0119ki opcji pozwalaj\u0105cej na dopisywanie komentarzy na stop klatkach i zapami\u0119tywaniu ich w formie elektronicznej;\n\u2022    daje mo\u017cliwo\u015b\u0107 obserwacji i analizy obiekt\u00f3w i zjawisk mikroskopowych za pomoc\u0105 mikroskopu elektronicznego, a potem mo\u017cna dokona\u0107 wizualnego opisu;\n\u2022    wszystkie dzia\u0142ania prowadzone na zaj\u0119ciach z tablic\u0105 s\u0105 zapisywane automatycznie, co oznacza, \u017ce mo\u017cemy je wykorzysta\u0107 w dowolnej chwili na dowolnych zaj\u0119ciach.                    <\/div>\n                <\/div>\n                <\/div>\n<\/div>[\/vc_column][\/vc_row]<\/p>\n<\/div>","protected":false},"excerpt":{"rendered":"<p>[vc_row content_placement=&#8221;top&#8221; css=&#8221;.vc_custom_1616510697828{padding-top: 72px !important;padding-bottom: 150px !important;background-color: #d8effa !important;}&#8221; bp_css_mobile=&#8221;.vc_custom_1616510697833{padding-top: 0px !important;padding-bottom: 0px !important;}&#8221;][vc_column width=&#8221;1\/4&#8243; el_class=&#8221;menu-boczne&#8221;][vc_single_image image=&#8221;1701&#8243; img_size=&#8221;full&#8221; alignment=&#8221;center&#8221;][vc_wp_custommenu nav_menu=&#8221;122&#8243;][vc_single_image&#8230;<\/p>\n","protected":false},"author":1,"featured_media":0,"parent":1152,"menu_order":0,"comment_status":"closed","ping_status":"closed","template":"","meta":{"footnotes":""},"class_list":["post-1116","page","type-page","status-publish","hentry"],"_links":{"self":[{"href":"https:\/\/czarodziejskaakademia.pl\/dabrowskiego\/wp-json\/wp\/v2\/pages\/1116","targetHints":{"allow":["GET"]}}],"collection":[{"href":"https:\/\/czarodziejskaakademia.pl\/dabrowskiego\/wp-json\/wp\/v2\/pages"}],"about":[{"href":"https:\/\/czarodziejskaakademia.pl\/dabrowskiego\/wp-json\/wp\/v2\/types\/page"}],"author":[{"embeddable":true,"href":"https:\/\/czarodziejskaakademia.pl\/dabrowskiego\/wp-json\/wp\/v2\/users\/1"}],"replies":[{"embeddable":true,"href":"https:\/\/czarodziejskaakademia.pl\/dabrowskiego\/wp-json\/wp\/v2\/comments?post=1116"}],"version-history":[{"count":16,"href":"https:\/\/czarodziejskaakademia.pl\/dabrowskiego\/wp-json\/wp\/v2\/pages\/1116\/revisions"}],"predecessor-version":[{"id":3324,"href":"https:\/\/czarodziejskaakademia.pl\/dabrowskiego\/wp-json\/wp\/v2\/pages\/1116\/revisions\/3324"}],"up":[{"embeddable":true,"href":"https:\/\/czarodziejskaakademia.pl\/dabrowskiego\/wp-json\/wp\/v2\/pages\/1152"}],"wp:attachment":[{"href":"https:\/\/czarodziejskaakademia.pl\/dabrowskiego\/wp-json\/wp\/v2\/media?parent=1116"}],"curies":[{"name":"wp","href":"https:\/\/api.w.org\/{rel}","templated":true}]}}