{"id":1110,"date":"2021-03-22T11:21:29","date_gmt":"2021-03-22T10:21:29","guid":{"rendered":"https:\/\/czarodziejskaakademia.pl\/dabrowskiego\/?page_id=1110"},"modified":"2021-03-26T15:42:36","modified_gmt":"2021-03-26T14:42:36","slug":"o-nas","status":"publish","type":"page","link":"https:\/\/czarodziejskaakademia.pl\/dabrowskiego\/o-nas\/","title":{"rendered":"O nas"},"content":{"rendered":"<div class=\"wpb-content-wrapper\"><p>[vc_row content_placement=&#8221;top&#8221; css=&#8221;.vc_custom_1616510697828{padding-top: 72px !important;padding-bottom: 150px !important;background-color: #d8effa !important;}&#8221; bp_css_mobile=&#8221;.vc_custom_1616510697833{padding-top: 0px !important;padding-bottom: 0px !important;}&#8221;][vc_column width=&#8221;1\/4&#8243; el_class=&#8221;menu-boczne&#8221;][vc_single_image image=&#8221;1687&#8243; img_size=&#8221;full&#8221; alignment=&#8221;center&#8221;][vc_wp_custommenu nav_menu=&#8221;118&#8243;][vc_single_image image=&#8221;1689&#8243; img_size=&#8221;full&#8221; alignment=&#8221;center&#8221; css=&#8221;.vc_custom_1616769756286{padding-top: 30px !important;}&#8221;][\/vc_column][vc_column width=&#8221;3\/4&#8243;]\n<div class=\"bp-element bp-element-heading vc_custom_1616594763824 align-center kindergarten-layout-1  \" >\n        <h3 class=\"title\"  style=\"text-transform:none; margin:0px; \">\n    O NAS    <\/h3>\n\n    <div class=\"line\" ><\/div>\n\n\n\n<\/div>[vc_column_text]<\/p>\n<div class=\"act\">\n<p>Niepubliczne Przedszkole &#8222;Czarodziejska Akademia&#8221; dzia\u0142a od 1 wrze\u015bnia 2007 r.<br \/>\nNajwa\u017cniejszym dla nas zadaniem jest stworzenie warunk\u00f3w do harmonijnego i wszechstronnego rozwoju indywidualnego dziecka.<\/p>\n<p>Zadanie to\u00a0 realizujemy poprze zapewnienie ka\u017cdemu dziecku:<\/p>\n<\/div>\n<p>[\/vc_column_text][vc_row_inner css=&#8221;.vc_custom_1616594546109{padding-bottom: 20px !important;}&#8221;][vc_column_inner width=&#8221;1\/3&#8243;]<div class=\"bp-element bp-element-icon-box  normal line-right  kindergarten-layout-1  icon-default text-default style-1 layout-6-default \"    >\n\t<div class=\"icon-box\">\n    <div class=\"icon-image \">\n        <div class=\"icon-background\">\n            <div class=\"flower\"  style=\"margin:0 auto; background-color:#f9c00c; \">\n                <span class=\"petal\"><\/span>\n                <span class=\"petal\"><\/span>\n                <span class=\"petal\"><\/span>\n                <span class=\"petal\"><\/span>\n                <span class=\"petal\"><\/span>\n            <\/div>\n        <\/div>\n        <img decoding=\"async\" width=\"64\" height=\"60\" src=\"https:\/\/czarodziejskaakademia.pl\/dabrowskiego\/wp-content\/uploads\/sites\/2\/2019\/02\/icon-box-01.png\" class=\"attachment-full size-full\" alt=\"\" \/>    <\/div>\n\n    <div class=\"content \">\n                <h3 class=\"title\"  style=\"color:#56509f; \" >\n        \n            opieki kompetentnego personelu\n                <\/h3>\n                <div class=\"line\"  style=\"color:#f9c00c; \"><\/div>\n            <div class=\"description\" >\n                    <\/div>\n    <\/div>\n    <\/div>\n\n<\/div>\n[\/vc_column_inner][vc_column_inner width=&#8221;1\/3&#8243;]<div class=\"bp-element bp-element-icon-box  normal line-right  kindergarten-layout-1  icon-default text-default style-1 layout-6-default \"    >\n\t<div class=\"icon-box\">\n    <div class=\"icon-image \">\n        <div class=\"icon-background\">\n            <div class=\"flower\"  style=\"background-color:#00b9f1; \">\n                <span class=\"petal\"><\/span>\n                <span class=\"petal\"><\/span>\n                <span class=\"petal\"><\/span>\n                <span class=\"petal\"><\/span>\n                <span class=\"petal\"><\/span>\n            <\/div>\n        <\/div>\n        <img decoding=\"async\" width=\"64\" height=\"56\" src=\"https:\/\/czarodziejskaakademia.pl\/dabrowskiego\/wp-content\/uploads\/sites\/2\/2019\/02\/icon-box-02.png\" class=\"attachment-full size-full\" alt=\"\" \/>    <\/div>\n\n    <div class=\"content \">\n                <h3 class=\"title\"  style=\"color:#56509f; \" >\n        \n            fachowej wiedzy\n                <\/h3>\n                <div class=\"line\"  style=\"color:#00b9f1; \"><\/div>\n            <div class=\"description\" >\n                    <\/div>\n    <\/div>\n    <\/div>\n\n<\/div>\n[\/vc_column_inner][vc_column_inner width=&#8221;1\/3&#8243;]<div class=\"bp-element bp-element-icon-box  normal line-right  kindergarten-layout-1  icon-default text-default style-1 layout-6-default \"    >\n\t<div class=\"icon-box\">\n    <div class=\"icon-image \">\n        <div class=\"icon-background\">\n            <div class=\"flower\"  style=\"background-color:#56a902; \">\n                <span class=\"petal\"><\/span>\n                <span class=\"petal\"><\/span>\n                <span class=\"petal\"><\/span>\n                <span class=\"petal\"><\/span>\n                <span class=\"petal\"><\/span>\n            <\/div>\n        <\/div>\n        <img decoding=\"async\" width=\"54\" height=\"64\" src=\"https:\/\/czarodziejskaakademia.pl\/dabrowskiego\/wp-content\/uploads\/sites\/2\/2019\/02\/icon-box-03.png\" class=\"attachment-full size-full\" alt=\"\" \/>    <\/div>\n\n    <div class=\"content \">\n                <h3 class=\"title\"  style=\"color:#56509f; \" >\n        \n            bazy przedszkolnej dostosowanej do potrzeb dziecka\n                <\/h3>\n                <div class=\"line\"  style=\"color:#56a902; \"><\/div>\n            <div class=\"description\" >\n                    <\/div>\n    <\/div>\n    <\/div>\n\n<\/div>\n[\/vc_column_inner][\/vc_row_inner][vc_column_text el_class=&#8221;tekst&#8221;]Pragniemy, by ka\u017cde dziecko czu\u0142o si\u0119 w naszej plac\u00f3wce bezpiecznie. Poczucie bezpiecze\u0144stwa i zaufanie dziecka do opiekun\u00f3w jest dla nas priorytetem. Ka\u017cdemu dziecku zapewniamy mo\u017cliwo\u015b\u0107 rozwoju kreatywnej postawy, poznawanie \u015bwiata poprzez do\u015bwiadczenia i eksperymenty, nabywanie nawyk\u00f3w zdrowotnych. Realizuj\u0105c nasz cel, \u015bci\u015ble wsp\u00f3\u0142pracujemy z rodzicami wspieraj\u0105c ich w pe\u0142nieniu funkcji opieku\u0144czych i wychowawczych. Najwy\u017csza jako\u015b\u0107 wykonywanej pracy dla dobra dziecka to podstawowe zadania naszych pracownik\u00f3w.[\/vc_column_text][vc_column_text el_class=&#8221;tekst&#8221;]<\/p>\n<h3 style=\"text-align: center;\"><strong>Zapraszamy do odwiedzenia naszej plac\u00f3wki !<br \/>\n<\/strong><\/h3>\n<p>[\/vc_column_text][\/vc_column][\/vc_row]<\/p>\n<\/div>","protected":false},"excerpt":{"rendered":"<p>[vc_row content_placement=&#8221;top&#8221; css=&#8221;.vc_custom_1616510697828{padding-top: 72px !important;padding-bottom: 150px !important;background-color: #d8effa !important;}&#8221; bp_css_mobile=&#8221;.vc_custom_1616510697833{padding-top: 0px !important;padding-bottom: 0px !important;}&#8221;][vc_column width=&#8221;1\/4&#8243; el_class=&#8221;menu-boczne&#8221;][vc_single_image image=&#8221;1687&#8243; img_size=&#8221;full&#8221; alignment=&#8221;center&#8221;][vc_wp_custommenu nav_menu=&#8221;118&#8243;][vc_single_image&#8230;<\/p>\n","protected":false},"author":1,"featured_media":0,"parent":0,"menu_order":0,"comment_status":"closed","ping_status":"closed","template":"","meta":{"footnotes":""},"class_list":["post-1110","page","type-page","status-publish","hentry"],"_links":{"self":[{"href":"https:\/\/czarodziejskaakademia.pl\/dabrowskiego\/wp-json\/wp\/v2\/pages\/1110","targetHints":{"allow":["GET"]}}],"collection":[{"href":"https:\/\/czarodziejskaakademia.pl\/dabrowskiego\/wp-json\/wp\/v2\/pages"}],"about":[{"href":"https:\/\/czarodziejskaakademia.pl\/dabrowskiego\/wp-json\/wp\/v2\/types\/page"}],"author":[{"embeddable":true,"href":"https:\/\/czarodziejskaakademia.pl\/dabrowskiego\/wp-json\/wp\/v2\/users\/1"}],"replies":[{"embeddable":true,"href":"https:\/\/czarodziejskaakademia.pl\/dabrowskiego\/wp-json\/wp\/v2\/comments?post=1110"}],"version-history":[{"count":48,"href":"https:\/\/czarodziejskaakademia.pl\/dabrowskiego\/wp-json\/wp\/v2\/pages\/1110\/revisions"}],"predecessor-version":[{"id":1697,"href":"https:\/\/czarodziejskaakademia.pl\/dabrowskiego\/wp-json\/wp\/v2\/pages\/1110\/revisions\/1697"}],"wp:attachment":[{"href":"https:\/\/czarodziejskaakademia.pl\/dabrowskiego\/wp-json\/wp\/v2\/media?parent=1110"}],"curies":[{"name":"wp","href":"https:\/\/api.w.org\/{rel}","templated":true}]}}